{"id":213,"date":"2024-11-05T16:01:27","date_gmt":"2024-11-05T15:01:27","guid":{"rendered":"https:\/\/juliedeschoenmaekers.be\/CMS2\/?post_type=product&#038;p=213"},"modified":"2025-01-28T19:23:50","modified_gmt":"2025-01-28T18:23:50","slug":"hoodie-fripon-a-laffut-photo-de-chat-a-laffut","status":"publish","type":"product","link":"https:\/\/juliedeschoenmaekers.be\/CMS2\/produit\/hoodie-fripon-a-laffut-photo-de-chat-a-laffut\/","title":{"rendered":"Hoodie \u00ab\u00a0Fripon \u00e0 l&rsquo;Aff\u00fbt\u00a0\u00bb \u2013 Photo de Chat \u00e0 l&rsquo;Aff\u00fbt"},"content":{"rendered":"<p>Exprimez votre c\u00f4t\u00e9 curieux avec le hoodie \u00ab\u00a0Fripon \u00e0 l&rsquo;Aff\u00fbt\u00a0\u00bb, mettant en avant une photo captivante de Fripon observant attentivement. Confectionn\u00e9 dans un m\u00e9lange de coton et polyester, ce pull \u00e0 capuche est non seulement confortable mais aussi parfait pour les journ\u00e9es fra\u00eeches. Sa coupe unisexe classique et son design original en font un must-have pour tous les amoureux des f\u00e9lins qui aiment se d\u00e9marquer. Ce hoodie est parfait pour les promenades, les sorties d\u00e9contract\u00e9es, ou tout simplement pour rester au chaud avec style.<\/p>\n<p><strong>Caract\u00e9ristiques :<\/strong><\/p>\n<ul>\n<li><strong>Mati\u00e8re :<\/strong> M\u00e9lange de coton et polyester, doux et durable<\/li>\n<li><strong>Motif :<\/strong> Photo \u00ab\u00a0Fripon \u00e0 l&rsquo;Aff\u00fbt\u00a0\u00bb en haute qualit\u00e9<\/li>\n<li><strong>Coupe :<\/strong> Unisexe, coupe classique<\/li>\n<li><strong>Tailles disponibles :<\/strong> XS, S, M, L, XL, XXL<\/li>\n<li><strong>Entretien :<\/strong> Lavable en machine \u00e0 30\u00b0C, repassage \u00e0 l&rsquo;envers recommand\u00e9<\/li>\n<\/ul>\n<p><strong>Avantages :<\/strong><\/p>\n<ul>\n<li>Tissu respirant pour un confort optimal<\/li>\n<li>Design unique qui plaira \u00e0 tous les amateurs de chats<\/li>\n<li>Parfait pour les activit\u00e9s d\u00e9contract\u00e9es ou comme cadeau<\/li>\n<\/ul>\n","protected":false},"excerpt":{"rendered":"<p>Hoodie doux avec une photo captivante de Fripon \u00e0 l&rsquo;aff\u00fbt. Parfait pour les amoureux des chats et ceux qui aiment un style unique.<\/p>\n","protected":false},"featured_media":2573,"comment_status":"open","ping_status":"closed","template":"","meta":{"_surecart_dashboard_logo_width":"180px","_surecart_dashboard_show_logo":true,"_surecart_dashboard_navigation_orders":true,"_surecart_dashboard_navigation_invoices":true,"_surecart_dashboard_navigation_subscriptions":true,"_surecart_dashboard_navigation_downloads":true,"_surecart_dashboard_navigation_billing":true,"_surecart_dashboard_navigation_account":true,"site-sidebar-layout":"default","site-content-layout":"","ast-site-content-layout":"full-width-container","site-content-style":"default","site-sidebar-style":"default","ast-global-header-display":"","ast-banner-title-visibility":"","ast-main-header-display":"","ast-hfb-above-header-display":"","ast-hfb-below-header-display":"","ast-hfb-mobile-header-display":"","site-post-title":"","ast-breadcrumbs-content":"","ast-featured-img":"","footer-sml-layout":"","theme-transparent-header-meta":"default","adv-header-id-meta":"","stick-header-meta":"","header-above-stick-meta":"","header-main-stick-meta":"","header-below-stick-meta":"","astra-migrate-meta-layouts":"set","ast-page-background-enabled":"default","ast-page-background-meta":{"desktop":{"background-color":"var(--ast-global-color-4)","background-image":"","background-repeat":"repeat","background-position":"center center","background-size":"auto","background-attachment":"scroll","background-type":"","background-media":"","overlay-type":"","overlay-color":"","overlay-opacity":"","overlay-gradient":""},"tablet":{"background-color":"","background-image":"","background-repeat":"repeat","background-position":"center center","background-size":"auto","background-attachment":"scroll","background-type":"","background-media":"","overlay-type":"","overlay-color":"","overlay-opacity":"","overlay-gradient":""},"mobile":{"background-color":"","background-image":"","background-repeat":"repeat","background-position":"center center","background-size":"auto","background-attachment":"scroll","background-type":"","background-media":"","overlay-type":"","overlay-color":"","overlay-opacity":"","overlay-gradient":""}},"ast-content-background-meta":{"desktop":{"background-color":"var(--ast-global-color-5)","background-image":"","background-repeat":"repeat","background-position":"center center","background-size":"auto","background-attachment":"scroll","background-type":"","background-media":"","overlay-type":"","overlay-color":"","overlay-opacity":"","overlay-gradient":""},"tablet":{"background-color":"var(--ast-global-color-5)","background-image":"","background-repeat":"repeat","background-position":"center center","background-size":"auto","background-attachment":"scroll","background-type":"","background-media":"","overlay-type":"","overlay-color":"","overlay-opacity":"","overlay-gradient":""},"mobile":{"background-color":"var(--ast-global-color-5)","background-image":"","background-repeat":"repeat","background-position":"center center","background-size":"auto","background-attachment":"scroll","background-type":"","background-media":"","overlay-type":"","overlay-color":"","overlay-opacity":"","overlay-gradient":""}}},"product_cat":[19],"product_tag":[],"class_list":{"0":"post-213","1":"product","2":"type-product","3":"status-publish","4":"has-post-thumbnail","6":"product_cat-pull-a-capuche-hoodie","7":"desktop-align-left","8":"tablet-align-left","9":"mobile-align-left","11":"first","12":"instock","13":"shipping-taxable","14":"purchasable","15":"product-type-variable"},"yoast_head":"<!-- This site is optimized with the Yoast SEO plugin v24.0 - https:\/\/yoast.com\/wordpress\/plugins\/seo\/ -->\n<title>Hoodie &quot;Fripon \u00e0 l&#039;Aff\u00fbt&quot; \u2013 Photo de Chat \u00e0 l&#039;Aff\u00fbt - Fripon<\/title>\n<meta name=\"description\" content=\"D\u00e9couvrez le hoodie &quot;Fripon \u00e0 l&#039;Aff\u00fbt&quot;. Confortable et styl\u00e9, avec une photo captivante d&#039;un chat observateur. Pour les passionn\u00e9s de f\u00e9lins !\" \/>\n<meta name=\"robots\" content=\"noindex, follow, max-snippet:-1, max-image-preview:large, max-video-preview:-1\" \/>\n<meta property=\"og:locale\" content=\"fr_FR\" \/>\n<meta property=\"og:type\" content=\"article\" \/>\n<meta property=\"og:title\" content=\"Hoodie &quot;Fripon \u00e0 l&#039;Aff\u00fbt&quot; \u2013 Photo de Chat \u00e0 l&#039;Aff\u00fbt - Fripon\" \/>\n<meta property=\"og:description\" content=\"D\u00e9couvrez le hoodie &quot;Fripon \u00e0 l&#039;Aff\u00fbt&quot;. Confortable et styl\u00e9, avec une photo captivante d&#039;un chat observateur. Pour les passionn\u00e9s de f\u00e9lins !\" \/>\n<meta property=\"og:url\" content=\"https:\/\/juliedeschoenmaekers.be\/CMS2\/produit\/hoodie-fripon-a-laffut-photo-de-chat-a-laffut\/\" \/>\n<meta property=\"og:site_name\" content=\"Fripon\" \/>\n<meta property=\"article:modified_time\" content=\"2025-01-28T18:23:50+00:00\" \/>\n<meta property=\"og:image\" content=\"https:\/\/juliedeschoenmaekers.be\/CMS2\/wp-content\/uploads\/2025\/01\/Hoodie_Fripon_design-photo3-scaled.webp\" \/>\n\t<meta property=\"og:image:width\" content=\"2560\" \/>\n\t<meta property=\"og:image:height\" content=\"2240\" \/>\n\t<meta property=\"og:image:type\" content=\"image\/webp\" \/>\n<meta name=\"twitter:card\" content=\"summary_large_image\" \/>\n<meta name=\"twitter:label1\" content=\"Dur\u00e9e de lecture estim\u00e9e\" \/>\n\t<meta name=\"twitter:data1\" content=\"1 minute\" \/>\n<script type=\"application\/ld+json\" class=\"yoast-schema-graph\">{\"@context\":\"https:\/\/schema.org\",\"@graph\":[{\"@type\":\"WebPage\",\"@id\":\"https:\/\/juliedeschoenmaekers.be\/CMS2\/produit\/hoodie-fripon-a-laffut-photo-de-chat-a-laffut\/\",\"url\":\"https:\/\/juliedeschoenmaekers.be\/CMS2\/produit\/hoodie-fripon-a-laffut-photo-de-chat-a-laffut\/\",\"name\":\"Hoodie \\\"Fripon \u00e0 l'Aff\u00fbt\\\" \u2013 Photo de Chat \u00e0 l'Aff\u00fbt - Fripon\",\"isPartOf\":{\"@id\":\"https:\/\/juliedeschoenmaekers.be\/CMS2\/#website\"},\"primaryImageOfPage\":{\"@id\":\"https:\/\/juliedeschoenmaekers.be\/CMS2\/produit\/hoodie-fripon-a-laffut-photo-de-chat-a-laffut\/#primaryimage\"},\"image\":{\"@id\":\"https:\/\/juliedeschoenmaekers.be\/CMS2\/produit\/hoodie-fripon-a-laffut-photo-de-chat-a-laffut\/#primaryimage\"},\"thumbnailUrl\":\"https:\/\/juliedeschoenmaekers.be\/CMS2\/wp-content\/uploads\/2025\/01\/Hoodie_Fripon_design-photo3-scaled.webp\",\"datePublished\":\"2024-11-05T15:01:27+00:00\",\"dateModified\":\"2025-01-28T18:23:50+00:00\",\"description\":\"D\u00e9couvrez le hoodie \\\"Fripon \u00e0 l'Aff\u00fbt\\\". Confortable et styl\u00e9, avec une photo captivante d'un chat observateur. Pour les passionn\u00e9s de f\u00e9lins !\",\"breadcrumb\":{\"@id\":\"https:\/\/juliedeschoenmaekers.be\/CMS2\/produit\/hoodie-fripon-a-laffut-photo-de-chat-a-laffut\/#breadcrumb\"},\"inLanguage\":\"fr-FR\",\"potentialAction\":[{\"@type\":\"ReadAction\",\"target\":[\"https:\/\/juliedeschoenmaekers.be\/CMS2\/produit\/hoodie-fripon-a-laffut-photo-de-chat-a-laffut\/\"]}]},{\"@type\":\"ImageObject\",\"inLanguage\":\"fr-FR\",\"@id\":\"https:\/\/juliedeschoenmaekers.be\/CMS2\/produit\/hoodie-fripon-a-laffut-photo-de-chat-a-laffut\/#primaryimage\",\"url\":\"https:\/\/juliedeschoenmaekers.be\/CMS2\/wp-content\/uploads\/2025\/01\/Hoodie_Fripon_design-photo3-scaled.webp\",\"contentUrl\":\"https:\/\/juliedeschoenmaekers.be\/CMS2\/wp-content\/uploads\/2025\/01\/Hoodie_Fripon_design-photo3-scaled.webp\",\"width\":2560,\"height\":2240,\"caption\":\"Hoodie confortable avec une photo de Fripon \u00e0 l'aff\u00fbt\"},{\"@type\":\"BreadcrumbList\",\"@id\":\"https:\/\/juliedeschoenmaekers.be\/CMS2\/produit\/hoodie-fripon-a-laffut-photo-de-chat-a-laffut\/#breadcrumb\",\"itemListElement\":[{\"@type\":\"ListItem\",\"position\":1,\"name\":\"Accueil\",\"item\":\"https:\/\/juliedeschoenmaekers.be\/CMS2\/\"},{\"@type\":\"ListItem\",\"position\":2,\"name\":\"Produits\",\"item\":\"https:\/\/juliedeschoenmaekers.be\/CMS2\/shop\/\"},{\"@type\":\"ListItem\",\"position\":3,\"name\":\"Hoodie \u00ab\u00a0Fripon \u00e0 l&rsquo;Aff\u00fbt\u00a0\u00bb \u2013 Photo de Chat \u00e0 l&rsquo;Aff\u00fbt\"}]},{\"@type\":\"WebSite\",\"@id\":\"https:\/\/juliedeschoenmaekers.be\/CMS2\/#website\",\"url\":\"https:\/\/juliedeschoenmaekers.be\/CMS2\/\",\"name\":\"Fripon\",\"description\":\"Boutique de produits \u00e0 l&#039;effigie de Fripon\",\"publisher\":{\"@id\":\"https:\/\/juliedeschoenmaekers.be\/CMS2\/#organization\"},\"potentialAction\":[{\"@type\":\"SearchAction\",\"target\":{\"@type\":\"EntryPoint\",\"urlTemplate\":\"https:\/\/juliedeschoenmaekers.be\/CMS2\/?s={search_term_string}\"},\"query-input\":{\"@type\":\"PropertyValueSpecification\",\"valueRequired\":true,\"valueName\":\"search_term_string\"}}],\"inLanguage\":\"fr-FR\"},{\"@type\":\"Organization\",\"@id\":\"https:\/\/juliedeschoenmaekers.be\/CMS2\/#organization\",\"name\":\"Fripon\",\"url\":\"https:\/\/juliedeschoenmaekers.be\/CMS2\/\",\"logo\":{\"@type\":\"ImageObject\",\"inLanguage\":\"fr-FR\",\"@id\":\"https:\/\/juliedeschoenmaekers.be\/CMS2\/#\/schema\/logo\/image\/\",\"url\":\"https:\/\/juliedeschoenmaekers.be\/CMS2\/wp-content\/uploads\/2024\/10\/logo-fripon-b.png\",\"contentUrl\":\"https:\/\/juliedeschoenmaekers.be\/CMS2\/wp-content\/uploads\/2024\/10\/logo-fripon-b.png\",\"width\":2142,\"height\":1024,\"caption\":\"Fripon\"},\"image\":{\"@id\":\"https:\/\/juliedeschoenmaekers.be\/CMS2\/#\/schema\/logo\/image\/\"}}]}<\/script>\n<!-- \/ Yoast SEO plugin. -->","yoast_head_json":{"title":"Hoodie \"Fripon \u00e0 l'Aff\u00fbt\" \u2013 Photo de Chat \u00e0 l'Aff\u00fbt - Fripon","description":"D\u00e9couvrez le hoodie \"Fripon \u00e0 l'Aff\u00fbt\". Confortable et styl\u00e9, avec une photo captivante d'un chat observateur. Pour les passionn\u00e9s de f\u00e9lins !","robots":{"index":"noindex","follow":"follow","max-snippet":"max-snippet:-1","max-image-preview":"max-image-preview:large","max-video-preview":"max-video-preview:-1"},"og_locale":"fr_FR","og_type":"article","og_title":"Hoodie \"Fripon \u00e0 l'Aff\u00fbt\" \u2013 Photo de Chat \u00e0 l'Aff\u00fbt - Fripon","og_description":"D\u00e9couvrez le hoodie \"Fripon \u00e0 l'Aff\u00fbt\". Confortable et styl\u00e9, avec une photo captivante d'un chat observateur. Pour les passionn\u00e9s de f\u00e9lins !","og_url":"https:\/\/juliedeschoenmaekers.be\/CMS2\/produit\/hoodie-fripon-a-laffut-photo-de-chat-a-laffut\/","og_site_name":"Fripon","article_modified_time":"2025-01-28T18:23:50+00:00","og_image":[{"width":2560,"height":2240,"url":"https:\/\/juliedeschoenmaekers.be\/CMS2\/wp-content\/uploads\/2025\/01\/Hoodie_Fripon_design-photo3-scaled.webp","type":"image\/webp"}],"twitter_card":"summary_large_image","twitter_misc":{"Dur\u00e9e de lecture estim\u00e9e":"1 minute"},"schema":{"@context":"https:\/\/schema.org","@graph":[{"@type":"WebPage","@id":"https:\/\/juliedeschoenmaekers.be\/CMS2\/produit\/hoodie-fripon-a-laffut-photo-de-chat-a-laffut\/","url":"https:\/\/juliedeschoenmaekers.be\/CMS2\/produit\/hoodie-fripon-a-laffut-photo-de-chat-a-laffut\/","name":"Hoodie \"Fripon \u00e0 l'Aff\u00fbt\" \u2013 Photo de Chat \u00e0 l'Aff\u00fbt - Fripon","isPartOf":{"@id":"https:\/\/juliedeschoenmaekers.be\/CMS2\/#website"},"primaryImageOfPage":{"@id":"https:\/\/juliedeschoenmaekers.be\/CMS2\/produit\/hoodie-fripon-a-laffut-photo-de-chat-a-laffut\/#primaryimage"},"image":{"@id":"https:\/\/juliedeschoenmaekers.be\/CMS2\/produit\/hoodie-fripon-a-laffut-photo-de-chat-a-laffut\/#primaryimage"},"thumbnailUrl":"https:\/\/juliedeschoenmaekers.be\/CMS2\/wp-content\/uploads\/2025\/01\/Hoodie_Fripon_design-photo3-scaled.webp","datePublished":"2024-11-05T15:01:27+00:00","dateModified":"2025-01-28T18:23:50+00:00","description":"D\u00e9couvrez le hoodie \"Fripon \u00e0 l'Aff\u00fbt\". Confortable et styl\u00e9, avec une photo captivante d'un chat observateur. Pour les passionn\u00e9s de f\u00e9lins !","breadcrumb":{"@id":"https:\/\/juliedeschoenmaekers.be\/CMS2\/produit\/hoodie-fripon-a-laffut-photo-de-chat-a-laffut\/#breadcrumb"},"inLanguage":"fr-FR","potentialAction":[{"@type":"ReadAction","target":["https:\/\/juliedeschoenmaekers.be\/CMS2\/produit\/hoodie-fripon-a-laffut-photo-de-chat-a-laffut\/"]}]},{"@type":"ImageObject","inLanguage":"fr-FR","@id":"https:\/\/juliedeschoenmaekers.be\/CMS2\/produit\/hoodie-fripon-a-laffut-photo-de-chat-a-laffut\/#primaryimage","url":"https:\/\/juliedeschoenmaekers.be\/CMS2\/wp-content\/uploads\/2025\/01\/Hoodie_Fripon_design-photo3-scaled.webp","contentUrl":"https:\/\/juliedeschoenmaekers.be\/CMS2\/wp-content\/uploads\/2025\/01\/Hoodie_Fripon_design-photo3-scaled.webp","width":2560,"height":2240,"caption":"Hoodie confortable avec une photo de Fripon \u00e0 l'aff\u00fbt"},{"@type":"BreadcrumbList","@id":"https:\/\/juliedeschoenmaekers.be\/CMS2\/produit\/hoodie-fripon-a-laffut-photo-de-chat-a-laffut\/#breadcrumb","itemListElement":[{"@type":"ListItem","position":1,"name":"Accueil","item":"https:\/\/juliedeschoenmaekers.be\/CMS2\/"},{"@type":"ListItem","position":2,"name":"Produits","item":"https:\/\/juliedeschoenmaekers.be\/CMS2\/shop\/"},{"@type":"ListItem","position":3,"name":"Hoodie \u00ab\u00a0Fripon \u00e0 l&rsquo;Aff\u00fbt\u00a0\u00bb \u2013 Photo de Chat \u00e0 l&rsquo;Aff\u00fbt"}]},{"@type":"WebSite","@id":"https:\/\/juliedeschoenmaekers.be\/CMS2\/#website","url":"https:\/\/juliedeschoenmaekers.be\/CMS2\/","name":"Fripon","description":"Boutique de produits \u00e0 l&#039;effigie de Fripon","publisher":{"@id":"https:\/\/juliedeschoenmaekers.be\/CMS2\/#organization"},"potentialAction":[{"@type":"SearchAction","target":{"@type":"EntryPoint","urlTemplate":"https:\/\/juliedeschoenmaekers.be\/CMS2\/?s={search_term_string}"},"query-input":{"@type":"PropertyValueSpecification","valueRequired":true,"valueName":"search_term_string"}}],"inLanguage":"fr-FR"},{"@type":"Organization","@id":"https:\/\/juliedeschoenmaekers.be\/CMS2\/#organization","name":"Fripon","url":"https:\/\/juliedeschoenmaekers.be\/CMS2\/","logo":{"@type":"ImageObject","inLanguage":"fr-FR","@id":"https:\/\/juliedeschoenmaekers.be\/CMS2\/#\/schema\/logo\/image\/","url":"https:\/\/juliedeschoenmaekers.be\/CMS2\/wp-content\/uploads\/2024\/10\/logo-fripon-b.png","contentUrl":"https:\/\/juliedeschoenmaekers.be\/CMS2\/wp-content\/uploads\/2024\/10\/logo-fripon-b.png","width":2142,"height":1024,"caption":"Fripon"},"image":{"@id":"https:\/\/juliedeschoenmaekers.be\/CMS2\/#\/schema\/logo\/image\/"}}]}},"jetpack_sharing_enabled":true,"_links":{"self":[{"href":"https:\/\/juliedeschoenmaekers.be\/CMS2\/wp-json\/wp\/v2\/product\/213","targetHints":{"allow":["GET"]}}],"collection":[{"href":"https:\/\/juliedeschoenmaekers.be\/CMS2\/wp-json\/wp\/v2\/product"}],"about":[{"href":"https:\/\/juliedeschoenmaekers.be\/CMS2\/wp-json\/wp\/v2\/types\/product"}],"replies":[{"embeddable":true,"href":"https:\/\/juliedeschoenmaekers.be\/CMS2\/wp-json\/wp\/v2\/comments?post=213"}],"wp:featuredmedia":[{"embeddable":true,"href":"https:\/\/juliedeschoenmaekers.be\/CMS2\/wp-json\/wp\/v2\/media\/2573"}],"wp:attachment":[{"href":"https:\/\/juliedeschoenmaekers.be\/CMS2\/wp-json\/wp\/v2\/media?parent=213"}],"wp:term":[{"taxonomy":"product_cat","embeddable":true,"href":"https:\/\/juliedeschoenmaekers.be\/CMS2\/wp-json\/wp\/v2\/product_cat?post=213"},{"taxonomy":"product_tag","embeddable":true,"href":"https:\/\/juliedeschoenmaekers.be\/CMS2\/wp-json\/wp\/v2\/product_tag?post=213"}],"curies":[{"name":"wp","href":"https:\/\/api.w.org\/{rel}","templated":true}]}}