{"id":131,"date":"2024-10-16T12:27:34","date_gmt":"2024-10-16T10:27:34","guid":{"rendered":"https:\/\/juliedeschoenmaekers.be\/CMS2\/?post_type=product&#038;p=131"},"modified":"2025-01-28T21:01:28","modified_gmt":"2025-01-28T20:01:28","slug":"t-shirt-fripon-allonge-motif-chat-allonge","status":"publish","type":"product","link":"https:\/\/juliedeschoenmaekers.be\/CMS2\/produit\/t-shirt-fripon-allonge-motif-chat-allonge\/","title":{"rendered":"T-shirt \u00ab\u00a0Fripon Allong\u00e9\u00a0\u00bb \u2013 Motif Chat Allong\u00e9"},"content":{"rendered":"<p>Profitez d&rsquo;un style d\u00e9contract\u00e9 et relax avec le T-shirt \u00ab\u00a0Fripon Allong\u00e9\u00a0\u00bb, mettant en vedette un dessin de Fripon allong\u00e9. Ce T-shirt en coton doux et respirant vous offre un confort optimal tout au long de la journ\u00e9e. Son motif unique capture la nature paisible de Fripon, apportant une touche d\u2019originalit\u00e9 \u00e0 votre garde-robe. Id\u00e9al pour les fans de chats et les amoureux de la mode, ce T-shirt s\u2019associe facilement avec tous les types de v\u00eatements, pour un look \u00e0 la fois d\u00e9contract\u00e9 et tendance.<\/p>\n<p><strong>Caract\u00e9ristiques :<\/strong><\/p>\n<ul>\n<li><strong>Mati\u00e8re :<\/strong> Coton 100% biologique, confortable et respirant<\/li>\n<li><strong>Motif :<\/strong> Dessin \u00ab\u00a0Fripon Allong\u00e9\u00a0\u00bb imprim\u00e9 en haute qualit\u00e9<\/li>\n<li><strong>Coupe :<\/strong> Unisexe, coupe classique<\/li>\n<li><strong>Tailles disponibles :<\/strong> XS, S, M, L, XL, XXL<\/li>\n<li><strong>Entretien :<\/strong> Lavable en machine \u00e0 30\u00b0C, repassage \u00e0 l&rsquo;envers<\/li>\n<\/ul>\n<p><strong>Avantages :<\/strong><\/p>\n<ul>\n<li>T-shirt en coton biologique, respectueux de l&rsquo;environnement<\/li>\n<li>Design exclusif inspir\u00e9 de Fripon<\/li>\n<li>Parfait pour les amoureux des chats qui cherchent \u00e0 affirmer leur style<\/li>\n<\/ul>\n","protected":false},"excerpt":{"rendered":"<p>T-shirt en coton bio avec le dessin \u00ab\u00a0Fripon Allong\u00e9\u00a0\u00bb. Un design d\u00e9contract\u00e9 et confortable pour les amoureux des chats.<\/p>\n","protected":false},"featured_media":2554,"comment_status":"open","ping_status":"closed","template":"","meta":{"_surecart_dashboard_logo_width":"180px","_surecart_dashboard_show_logo":true,"_surecart_dashboard_navigation_orders":true,"_surecart_dashboard_navigation_invoices":true,"_surecart_dashboard_navigation_subscriptions":true,"_surecart_dashboard_navigation_downloads":true,"_surecart_dashboard_navigation_billing":true,"_surecart_dashboard_navigation_account":true,"site-sidebar-layout":"default","site-content-layout":"","ast-site-content-layout":"full-width-container","site-content-style":"default","site-sidebar-style":"default","ast-global-header-display":"","ast-banner-title-visibility":"","ast-main-header-display":"","ast-hfb-above-header-display":"","ast-hfb-below-header-display":"","ast-hfb-mobile-header-display":"","site-post-title":"","ast-breadcrumbs-content":"","ast-featured-img":"","footer-sml-layout":"","theme-transparent-header-meta":"default","adv-header-id-meta":"","stick-header-meta":"","header-above-stick-meta":"","header-main-stick-meta":"","header-below-stick-meta":"","astra-migrate-meta-layouts":"set","ast-page-background-enabled":"default","ast-page-background-meta":{"desktop":{"background-color":"var(--ast-global-color-4)","background-image":"","background-repeat":"repeat","background-position":"center center","background-size":"auto","background-attachment":"scroll","background-type":"","background-media":"","overlay-type":"","overlay-color":"","overlay-opacity":"","overlay-gradient":""},"tablet":{"background-color":"","background-image":"","background-repeat":"repeat","background-position":"center center","background-size":"auto","background-attachment":"scroll","background-type":"","background-media":"","overlay-type":"","overlay-color":"","overlay-opacity":"","overlay-gradient":""},"mobile":{"background-color":"","background-image":"","background-repeat":"repeat","background-position":"center center","background-size":"auto","background-attachment":"scroll","background-type":"","background-media":"","overlay-type":"","overlay-color":"","overlay-opacity":"","overlay-gradient":""}},"ast-content-background-meta":{"desktop":{"background-color":"var(--ast-global-color-5)","background-image":"","background-repeat":"repeat","background-position":"center center","background-size":"auto","background-attachment":"scroll","background-type":"","background-media":"","overlay-type":"","overlay-color":"","overlay-opacity":"","overlay-gradient":""},"tablet":{"background-color":"var(--ast-global-color-5)","background-image":"","background-repeat":"repeat","background-position":"center center","background-size":"auto","background-attachment":"scroll","background-type":"","background-media":"","overlay-type":"","overlay-color":"","overlay-opacity":"","overlay-gradient":""},"mobile":{"background-color":"var(--ast-global-color-5)","background-image":"","background-repeat":"repeat","background-position":"center center","background-size":"auto","background-attachment":"scroll","background-type":"","background-media":"","overlay-type":"","overlay-color":"","overlay-opacity":"","overlay-gradient":""}}},"product_cat":[18],"product_tag":[],"class_list":{"0":"post-131","1":"product","2":"type-product","3":"status-publish","4":"has-post-thumbnail","6":"product_cat-t-shirt","7":"desktop-align-left","8":"tablet-align-left","9":"mobile-align-left","11":"first","12":"instock","13":"shipping-taxable","14":"purchasable","15":"product-type-variable"},"yoast_head":"<!-- This site is optimized with the Yoast SEO plugin v24.0 - https:\/\/yoast.com\/wordpress\/plugins\/seo\/ -->\n<title>T-shirt &quot;Fripon Allong\u00e9&quot; \u2013 Motif Chat Allong\u00e9 - Fripon<\/title>\n<meta name=\"description\" content=\"Adoptez un look d\u00e9contract\u00e9 avec le T-shirt &quot;Fripon Allong\u00e9&quot;. Design \u00e9l\u00e9gant et coton bio, parfait pour les amoureux des chats.\" \/>\n<meta name=\"robots\" content=\"noindex, follow, max-snippet:-1, max-image-preview:large, max-video-preview:-1\" \/>\n<meta property=\"og:locale\" content=\"fr_FR\" \/>\n<meta property=\"og:type\" content=\"article\" \/>\n<meta property=\"og:title\" content=\"T-shirt &quot;Fripon Allong\u00e9&quot; \u2013 Motif Chat Allong\u00e9 - Fripon\" \/>\n<meta property=\"og:description\" content=\"Adoptez un look d\u00e9contract\u00e9 avec le T-shirt &quot;Fripon Allong\u00e9&quot;. Design \u00e9l\u00e9gant et coton bio, parfait pour les amoureux des chats.\" \/>\n<meta property=\"og:url\" content=\"https:\/\/juliedeschoenmaekers.be\/CMS2\/produit\/t-shirt-fripon-allonge-motif-chat-allonge\/\" \/>\n<meta property=\"og:site_name\" content=\"Fripon\" \/>\n<meta property=\"article:modified_time\" content=\"2025-01-28T20:01:28+00:00\" \/>\n<meta property=\"og:image\" content=\"https:\/\/juliedeschoenmaekers.be\/CMS2\/wp-content\/uploads\/2025\/01\/T-shirt_Fripon_design-dessin2-scaled.webp\" \/>\n\t<meta property=\"og:image:width\" content=\"2560\" \/>\n\t<meta property=\"og:image:height\" content=\"1959\" \/>\n\t<meta property=\"og:image:type\" content=\"image\/webp\" \/>\n<meta name=\"twitter:card\" content=\"summary_large_image\" \/>\n<meta name=\"twitter:label1\" content=\"Dur\u00e9e de lecture estim\u00e9e\" \/>\n\t<meta name=\"twitter:data1\" content=\"1 minute\" \/>\n<script type=\"application\/ld+json\" class=\"yoast-schema-graph\">{\"@context\":\"https:\/\/schema.org\",\"@graph\":[{\"@type\":\"WebPage\",\"@id\":\"https:\/\/juliedeschoenmaekers.be\/CMS2\/produit\/t-shirt-fripon-allonge-motif-chat-allonge\/\",\"url\":\"https:\/\/juliedeschoenmaekers.be\/CMS2\/produit\/t-shirt-fripon-allonge-motif-chat-allonge\/\",\"name\":\"T-shirt \\\"Fripon Allong\u00e9\\\" \u2013 Motif Chat Allong\u00e9 - Fripon\",\"isPartOf\":{\"@id\":\"https:\/\/juliedeschoenmaekers.be\/CMS2\/#website\"},\"primaryImageOfPage\":{\"@id\":\"https:\/\/juliedeschoenmaekers.be\/CMS2\/produit\/t-shirt-fripon-allonge-motif-chat-allonge\/#primaryimage\"},\"image\":{\"@id\":\"https:\/\/juliedeschoenmaekers.be\/CMS2\/produit\/t-shirt-fripon-allonge-motif-chat-allonge\/#primaryimage\"},\"thumbnailUrl\":\"https:\/\/juliedeschoenmaekers.be\/CMS2\/wp-content\/uploads\/2025\/01\/T-shirt_Fripon_design-dessin2-scaled.webp\",\"datePublished\":\"2024-10-16T10:27:34+00:00\",\"dateModified\":\"2025-01-28T20:01:28+00:00\",\"description\":\"Adoptez un look d\u00e9contract\u00e9 avec le T-shirt \\\"Fripon Allong\u00e9\\\". Design \u00e9l\u00e9gant et coton bio, parfait pour les amoureux des chats.\",\"breadcrumb\":{\"@id\":\"https:\/\/juliedeschoenmaekers.be\/CMS2\/produit\/t-shirt-fripon-allonge-motif-chat-allonge\/#breadcrumb\"},\"inLanguage\":\"fr-FR\",\"potentialAction\":[{\"@type\":\"ReadAction\",\"target\":[\"https:\/\/juliedeschoenmaekers.be\/CMS2\/produit\/t-shirt-fripon-allonge-motif-chat-allonge\/\"]}]},{\"@type\":\"ImageObject\",\"inLanguage\":\"fr-FR\",\"@id\":\"https:\/\/juliedeschoenmaekers.be\/CMS2\/produit\/t-shirt-fripon-allonge-motif-chat-allonge\/#primaryimage\",\"url\":\"https:\/\/juliedeschoenmaekers.be\/CMS2\/wp-content\/uploads\/2025\/01\/T-shirt_Fripon_design-dessin2-scaled.webp\",\"contentUrl\":\"https:\/\/juliedeschoenmaekers.be\/CMS2\/wp-content\/uploads\/2025\/01\/T-shirt_Fripon_design-dessin2-scaled.webp\",\"width\":2560,\"height\":1959,\"caption\":\"T-shirt en coton bio avec un dessin de Fripon allong\u00e9\"},{\"@type\":\"BreadcrumbList\",\"@id\":\"https:\/\/juliedeschoenmaekers.be\/CMS2\/produit\/t-shirt-fripon-allonge-motif-chat-allonge\/#breadcrumb\",\"itemListElement\":[{\"@type\":\"ListItem\",\"position\":1,\"name\":\"Accueil\",\"item\":\"https:\/\/juliedeschoenmaekers.be\/CMS2\/\"},{\"@type\":\"ListItem\",\"position\":2,\"name\":\"Produits\",\"item\":\"https:\/\/juliedeschoenmaekers.be\/CMS2\/shop\/\"},{\"@type\":\"ListItem\",\"position\":3,\"name\":\"T-shirt \u00ab\u00a0Fripon Allong\u00e9\u00a0\u00bb \u2013 Motif Chat Allong\u00e9\"}]},{\"@type\":\"WebSite\",\"@id\":\"https:\/\/juliedeschoenmaekers.be\/CMS2\/#website\",\"url\":\"https:\/\/juliedeschoenmaekers.be\/CMS2\/\",\"name\":\"Fripon\",\"description\":\"Boutique de produits \u00e0 l&#039;effigie de Fripon\",\"publisher\":{\"@id\":\"https:\/\/juliedeschoenmaekers.be\/CMS2\/#organization\"},\"potentialAction\":[{\"@type\":\"SearchAction\",\"target\":{\"@type\":\"EntryPoint\",\"urlTemplate\":\"https:\/\/juliedeschoenmaekers.be\/CMS2\/?s={search_term_string}\"},\"query-input\":{\"@type\":\"PropertyValueSpecification\",\"valueRequired\":true,\"valueName\":\"search_term_string\"}}],\"inLanguage\":\"fr-FR\"},{\"@type\":\"Organization\",\"@id\":\"https:\/\/juliedeschoenmaekers.be\/CMS2\/#organization\",\"name\":\"Fripon\",\"url\":\"https:\/\/juliedeschoenmaekers.be\/CMS2\/\",\"logo\":{\"@type\":\"ImageObject\",\"inLanguage\":\"fr-FR\",\"@id\":\"https:\/\/juliedeschoenmaekers.be\/CMS2\/#\/schema\/logo\/image\/\",\"url\":\"https:\/\/juliedeschoenmaekers.be\/CMS2\/wp-content\/uploads\/2024\/10\/logo-fripon-b.png\",\"contentUrl\":\"https:\/\/juliedeschoenmaekers.be\/CMS2\/wp-content\/uploads\/2024\/10\/logo-fripon-b.png\",\"width\":2142,\"height\":1024,\"caption\":\"Fripon\"},\"image\":{\"@id\":\"https:\/\/juliedeschoenmaekers.be\/CMS2\/#\/schema\/logo\/image\/\"}}]}<\/script>\n<!-- \/ Yoast SEO plugin. -->","yoast_head_json":{"title":"T-shirt \"Fripon Allong\u00e9\" \u2013 Motif Chat Allong\u00e9 - Fripon","description":"Adoptez un look d\u00e9contract\u00e9 avec le T-shirt \"Fripon Allong\u00e9\". Design \u00e9l\u00e9gant et coton bio, parfait pour les amoureux des chats.","robots":{"index":"noindex","follow":"follow","max-snippet":"max-snippet:-1","max-image-preview":"max-image-preview:large","max-video-preview":"max-video-preview:-1"},"og_locale":"fr_FR","og_type":"article","og_title":"T-shirt \"Fripon Allong\u00e9\" \u2013 Motif Chat Allong\u00e9 - Fripon","og_description":"Adoptez un look d\u00e9contract\u00e9 avec le T-shirt \"Fripon Allong\u00e9\". Design \u00e9l\u00e9gant et coton bio, parfait pour les amoureux des chats.","og_url":"https:\/\/juliedeschoenmaekers.be\/CMS2\/produit\/t-shirt-fripon-allonge-motif-chat-allonge\/","og_site_name":"Fripon","article_modified_time":"2025-01-28T20:01:28+00:00","og_image":[{"width":2560,"height":1959,"url":"https:\/\/juliedeschoenmaekers.be\/CMS2\/wp-content\/uploads\/2025\/01\/T-shirt_Fripon_design-dessin2-scaled.webp","type":"image\/webp"}],"twitter_card":"summary_large_image","twitter_misc":{"Dur\u00e9e de lecture estim\u00e9e":"1 minute"},"schema":{"@context":"https:\/\/schema.org","@graph":[{"@type":"WebPage","@id":"https:\/\/juliedeschoenmaekers.be\/CMS2\/produit\/t-shirt-fripon-allonge-motif-chat-allonge\/","url":"https:\/\/juliedeschoenmaekers.be\/CMS2\/produit\/t-shirt-fripon-allonge-motif-chat-allonge\/","name":"T-shirt \"Fripon Allong\u00e9\" \u2013 Motif Chat Allong\u00e9 - Fripon","isPartOf":{"@id":"https:\/\/juliedeschoenmaekers.be\/CMS2\/#website"},"primaryImageOfPage":{"@id":"https:\/\/juliedeschoenmaekers.be\/CMS2\/produit\/t-shirt-fripon-allonge-motif-chat-allonge\/#primaryimage"},"image":{"@id":"https:\/\/juliedeschoenmaekers.be\/CMS2\/produit\/t-shirt-fripon-allonge-motif-chat-allonge\/#primaryimage"},"thumbnailUrl":"https:\/\/juliedeschoenmaekers.be\/CMS2\/wp-content\/uploads\/2025\/01\/T-shirt_Fripon_design-dessin2-scaled.webp","datePublished":"2024-10-16T10:27:34+00:00","dateModified":"2025-01-28T20:01:28+00:00","description":"Adoptez un look d\u00e9contract\u00e9 avec le T-shirt \"Fripon Allong\u00e9\". Design \u00e9l\u00e9gant et coton bio, parfait pour les amoureux des chats.","breadcrumb":{"@id":"https:\/\/juliedeschoenmaekers.be\/CMS2\/produit\/t-shirt-fripon-allonge-motif-chat-allonge\/#breadcrumb"},"inLanguage":"fr-FR","potentialAction":[{"@type":"ReadAction","target":["https:\/\/juliedeschoenmaekers.be\/CMS2\/produit\/t-shirt-fripon-allonge-motif-chat-allonge\/"]}]},{"@type":"ImageObject","inLanguage":"fr-FR","@id":"https:\/\/juliedeschoenmaekers.be\/CMS2\/produit\/t-shirt-fripon-allonge-motif-chat-allonge\/#primaryimage","url":"https:\/\/juliedeschoenmaekers.be\/CMS2\/wp-content\/uploads\/2025\/01\/T-shirt_Fripon_design-dessin2-scaled.webp","contentUrl":"https:\/\/juliedeschoenmaekers.be\/CMS2\/wp-content\/uploads\/2025\/01\/T-shirt_Fripon_design-dessin2-scaled.webp","width":2560,"height":1959,"caption":"T-shirt en coton bio avec un dessin de Fripon allong\u00e9"},{"@type":"BreadcrumbList","@id":"https:\/\/juliedeschoenmaekers.be\/CMS2\/produit\/t-shirt-fripon-allonge-motif-chat-allonge\/#breadcrumb","itemListElement":[{"@type":"ListItem","position":1,"name":"Accueil","item":"https:\/\/juliedeschoenmaekers.be\/CMS2\/"},{"@type":"ListItem","position":2,"name":"Produits","item":"https:\/\/juliedeschoenmaekers.be\/CMS2\/shop\/"},{"@type":"ListItem","position":3,"name":"T-shirt \u00ab\u00a0Fripon Allong\u00e9\u00a0\u00bb \u2013 Motif Chat Allong\u00e9"}]},{"@type":"WebSite","@id":"https:\/\/juliedeschoenmaekers.be\/CMS2\/#website","url":"https:\/\/juliedeschoenmaekers.be\/CMS2\/","name":"Fripon","description":"Boutique de produits \u00e0 l&#039;effigie de Fripon","publisher":{"@id":"https:\/\/juliedeschoenmaekers.be\/CMS2\/#organization"},"potentialAction":[{"@type":"SearchAction","target":{"@type":"EntryPoint","urlTemplate":"https:\/\/juliedeschoenmaekers.be\/CMS2\/?s={search_term_string}"},"query-input":{"@type":"PropertyValueSpecification","valueRequired":true,"valueName":"search_term_string"}}],"inLanguage":"fr-FR"},{"@type":"Organization","@id":"https:\/\/juliedeschoenmaekers.be\/CMS2\/#organization","name":"Fripon","url":"https:\/\/juliedeschoenmaekers.be\/CMS2\/","logo":{"@type":"ImageObject","inLanguage":"fr-FR","@id":"https:\/\/juliedeschoenmaekers.be\/CMS2\/#\/schema\/logo\/image\/","url":"https:\/\/juliedeschoenmaekers.be\/CMS2\/wp-content\/uploads\/2024\/10\/logo-fripon-b.png","contentUrl":"https:\/\/juliedeschoenmaekers.be\/CMS2\/wp-content\/uploads\/2024\/10\/logo-fripon-b.png","width":2142,"height":1024,"caption":"Fripon"},"image":{"@id":"https:\/\/juliedeschoenmaekers.be\/CMS2\/#\/schema\/logo\/image\/"}}]}},"jetpack_sharing_enabled":true,"_links":{"self":[{"href":"https:\/\/juliedeschoenmaekers.be\/CMS2\/wp-json\/wp\/v2\/product\/131","targetHints":{"allow":["GET"]}}],"collection":[{"href":"https:\/\/juliedeschoenmaekers.be\/CMS2\/wp-json\/wp\/v2\/product"}],"about":[{"href":"https:\/\/juliedeschoenmaekers.be\/CMS2\/wp-json\/wp\/v2\/types\/product"}],"replies":[{"embeddable":true,"href":"https:\/\/juliedeschoenmaekers.be\/CMS2\/wp-json\/wp\/v2\/comments?post=131"}],"wp:featuredmedia":[{"embeddable":true,"href":"https:\/\/juliedeschoenmaekers.be\/CMS2\/wp-json\/wp\/v2\/media\/2554"}],"wp:attachment":[{"href":"https:\/\/juliedeschoenmaekers.be\/CMS2\/wp-json\/wp\/v2\/media?parent=131"}],"wp:term":[{"taxonomy":"product_cat","embeddable":true,"href":"https:\/\/juliedeschoenmaekers.be\/CMS2\/wp-json\/wp\/v2\/product_cat?post=131"},{"taxonomy":"product_tag","embeddable":true,"href":"https:\/\/juliedeschoenmaekers.be\/CMS2\/wp-json\/wp\/v2\/product_tag?post=131"}],"curies":[{"name":"wp","href":"https:\/\/api.w.org\/{rel}","templated":true}]}}