{"id":119,"date":"2024-10-16T11:35:42","date_gmt":"2024-10-16T09:35:42","guid":{"rendered":"https:\/\/juliedeschoenmaekers.be\/CMS2\/?post_type=product&#038;p=119"},"modified":"2025-01-28T21:12:27","modified_gmt":"2025-01-28T20:12:27","slug":"sac-en-tissu-fripon-qui-fixe-motif-chat-qui-fixe","status":"publish","type":"product","link":"https:\/\/juliedeschoenmaekers.be\/CMS2\/produit\/sac-en-tissu-fripon-qui-fixe-motif-chat-qui-fixe\/","title":{"rendered":"Sac en tissu \u00ab\u00a0Fripon Qui Fixe\u00a0\u00bb \u2013 Motif Chat Qui Fixe"},"content":{"rendered":"<p>Laissez-vous hypnotiser par le regard espi\u00e8gle de Fripon avec ce sac en tissu arborant le motif du chat qui fixe. Ce design captivant attire les regards et apporte une touche de personnalit\u00e9 \u00e0 ce sac en coton \u00e9cologique et robuste. Id\u00e9al pour les courses, le sport, ou les escapades, ce sac en tissu est aussi pratique qu&rsquo;esth\u00e9tique. Fabriqu\u00e9 \u00e0 partir de coton de haute qualit\u00e9, il est non seulement r\u00e9utilisable mais aussi respectueux de l&rsquo;environnement. Un accessoire incontournable pour les amoureux des f\u00e9lins qui veulent afficher leur passion avec style.<\/p>\n<p><strong>Caract\u00e9ristiques :<\/strong><\/p>\n<ul>\n<li><strong>Dimensions :<\/strong> 38 x 42 cm (anses longues pour un port confortable)<\/li>\n<li><strong>Mat\u00e9riau :<\/strong> Coton 100% naturel, \u00e9pais et r\u00e9sistant<\/li>\n<li><strong>Motif :<\/strong> Impression en haute qualit\u00e9 du dessin \u00ab\u00a0Fripon Qui Fixe\u00a0\u00bb<\/li>\n<li><strong>Entretien :<\/strong> Lavable en machine \u00e0 30\u00b0C<\/li>\n<\/ul>\n<p><strong>Avantages :<\/strong><\/p>\n<ul>\n<li>Alternative \u00e9cologique aux sacs plastiques<\/li>\n<li>Design unique et exclusif inspir\u00e9 de Fripon<\/li>\n<li>Id\u00e9al pour les courses, le shopping, ou les sorties<\/li>\n<\/ul>\n","protected":false},"excerpt":{"rendered":"<p>Sac en tissu avec motif \u00ab\u00a0Fripon Qui Fixe\u00a0\u00bb. En coton naturel, ce sac r\u00e9utilisable allie style et durabilit\u00e9 pour vos d\u00e9placements quotidiens.<\/p>\n","protected":false},"featured_media":2549,"comment_status":"open","ping_status":"closed","template":"","meta":{"_surecart_dashboard_logo_width":"180px","_surecart_dashboard_show_logo":true,"_surecart_dashboard_navigation_orders":true,"_surecart_dashboard_navigation_invoices":true,"_surecart_dashboard_navigation_subscriptions":true,"_surecart_dashboard_navigation_downloads":true,"_surecart_dashboard_navigation_billing":true,"_surecart_dashboard_navigation_account":true,"site-sidebar-layout":"default","site-content-layout":"","ast-site-content-layout":"full-width-container","site-content-style":"default","site-sidebar-style":"default","ast-global-header-display":"","ast-banner-title-visibility":"","ast-main-header-display":"","ast-hfb-above-header-display":"","ast-hfb-below-header-display":"","ast-hfb-mobile-header-display":"","site-post-title":"","ast-breadcrumbs-content":"","ast-featured-img":"","footer-sml-layout":"","theme-transparent-header-meta":"default","adv-header-id-meta":"","stick-header-meta":"","header-above-stick-meta":"","header-main-stick-meta":"","header-below-stick-meta":"","astra-migrate-meta-layouts":"set","ast-page-background-enabled":"default","ast-page-background-meta":{"desktop":{"background-color":"var(--ast-global-color-4)","background-image":"","background-repeat":"repeat","background-position":"center center","background-size":"auto","background-attachment":"scroll","background-type":"","background-media":"","overlay-type":"","overlay-color":"","overlay-opacity":"","overlay-gradient":""},"tablet":{"background-color":"","background-image":"","background-repeat":"repeat","background-position":"center center","background-size":"auto","background-attachment":"scroll","background-type":"","background-media":"","overlay-type":"","overlay-color":"","overlay-opacity":"","overlay-gradient":""},"mobile":{"background-color":"","background-image":"","background-repeat":"repeat","background-position":"center center","background-size":"auto","background-attachment":"scroll","background-type":"","background-media":"","overlay-type":"","overlay-color":"","overlay-opacity":"","overlay-gradient":""}},"ast-content-background-meta":{"desktop":{"background-color":"var(--ast-global-color-5)","background-image":"","background-repeat":"repeat","background-position":"center center","background-size":"auto","background-attachment":"scroll","background-type":"","background-media":"","overlay-type":"","overlay-color":"","overlay-opacity":"","overlay-gradient":""},"tablet":{"background-color":"var(--ast-global-color-5)","background-image":"","background-repeat":"repeat","background-position":"center center","background-size":"auto","background-attachment":"scroll","background-type":"","background-media":"","overlay-type":"","overlay-color":"","overlay-opacity":"","overlay-gradient":""},"mobile":{"background-color":"var(--ast-global-color-5)","background-image":"","background-repeat":"repeat","background-position":"center center","background-size":"auto","background-attachment":"scroll","background-type":"","background-media":"","overlay-type":"","overlay-color":"","overlay-opacity":"","overlay-gradient":""}}},"product_cat":[17],"product_tag":[],"class_list":{"0":"post-119","1":"product","2":"type-product","3":"status-publish","4":"has-post-thumbnail","6":"product_cat-sac-en-tissu","7":"desktop-align-left","8":"tablet-align-left","9":"mobile-align-left","11":"first","12":"instock","13":"shipping-taxable","14":"purchasable","15":"product-type-simple"},"yoast_head":"<!-- This site is optimized with the Yoast SEO plugin v24.0 - https:\/\/yoast.com\/wordpress\/plugins\/seo\/ -->\n<title>Sac en tissu &quot;Fripon Qui Fixe&quot; \u2013 Motif Chat Qui Fixe - Fripon<\/title>\n<meta name=\"description\" content=\"Craquez pour ce sac en tissu pratique, avec un design unique de Fripon qui fixe. Parfait pour les amoureux des chats et du style minimaliste !\" \/>\n<meta name=\"robots\" content=\"noindex, follow, max-snippet:-1, max-image-preview:large, max-video-preview:-1\" \/>\n<meta property=\"og:locale\" content=\"fr_FR\" \/>\n<meta property=\"og:type\" content=\"article\" \/>\n<meta property=\"og:title\" content=\"Sac en tissu &quot;Fripon Qui Fixe&quot; \u2013 Motif Chat Qui Fixe - Fripon\" \/>\n<meta property=\"og:description\" content=\"Craquez pour ce sac en tissu pratique, avec un design unique de Fripon qui fixe. Parfait pour les amoureux des chats et du style minimaliste !\" \/>\n<meta property=\"og:url\" content=\"https:\/\/juliedeschoenmaekers.be\/CMS2\/produit\/sac-en-tissu-fripon-qui-fixe-motif-chat-qui-fixe\/\" \/>\n<meta property=\"og:site_name\" content=\"Fripon\" \/>\n<meta property=\"article:modified_time\" content=\"2025-01-28T20:12:27+00:00\" \/>\n<meta property=\"og:image\" content=\"https:\/\/juliedeschoenmaekers.be\/CMS2\/wp-content\/uploads\/2025\/01\/ToteBag2_Mockup_design-dessin3-scaled.webp\" \/>\n\t<meta property=\"og:image:width\" content=\"2560\" \/>\n\t<meta property=\"og:image:height\" content=\"1920\" \/>\n\t<meta property=\"og:image:type\" content=\"image\/webp\" \/>\n<meta name=\"twitter:card\" content=\"summary_large_image\" \/>\n<meta name=\"twitter:label1\" content=\"Dur\u00e9e de lecture estim\u00e9e\" \/>\n\t<meta name=\"twitter:data1\" content=\"1 minute\" \/>\n<script type=\"application\/ld+json\" class=\"yoast-schema-graph\">{\"@context\":\"https:\/\/schema.org\",\"@graph\":[{\"@type\":\"WebPage\",\"@id\":\"https:\/\/juliedeschoenmaekers.be\/CMS2\/produit\/sac-en-tissu-fripon-qui-fixe-motif-chat-qui-fixe\/\",\"url\":\"https:\/\/juliedeschoenmaekers.be\/CMS2\/produit\/sac-en-tissu-fripon-qui-fixe-motif-chat-qui-fixe\/\",\"name\":\"Sac en tissu \\\"Fripon Qui Fixe\\\" \u2013 Motif Chat Qui Fixe - Fripon\",\"isPartOf\":{\"@id\":\"https:\/\/juliedeschoenmaekers.be\/CMS2\/#website\"},\"primaryImageOfPage\":{\"@id\":\"https:\/\/juliedeschoenmaekers.be\/CMS2\/produit\/sac-en-tissu-fripon-qui-fixe-motif-chat-qui-fixe\/#primaryimage\"},\"image\":{\"@id\":\"https:\/\/juliedeschoenmaekers.be\/CMS2\/produit\/sac-en-tissu-fripon-qui-fixe-motif-chat-qui-fixe\/#primaryimage\"},\"thumbnailUrl\":\"https:\/\/juliedeschoenmaekers.be\/CMS2\/wp-content\/uploads\/2025\/01\/ToteBag2_Mockup_design-dessin3-scaled.webp\",\"datePublished\":\"2024-10-16T09:35:42+00:00\",\"dateModified\":\"2025-01-28T20:12:27+00:00\",\"description\":\"Craquez pour ce sac en tissu pratique, avec un design unique de Fripon qui fixe. Parfait pour les amoureux des chats et du style minimaliste !\",\"breadcrumb\":{\"@id\":\"https:\/\/juliedeschoenmaekers.be\/CMS2\/produit\/sac-en-tissu-fripon-qui-fixe-motif-chat-qui-fixe\/#breadcrumb\"},\"inLanguage\":\"fr-FR\",\"potentialAction\":[{\"@type\":\"ReadAction\",\"target\":[\"https:\/\/juliedeschoenmaekers.be\/CMS2\/produit\/sac-en-tissu-fripon-qui-fixe-motif-chat-qui-fixe\/\"]}]},{\"@type\":\"ImageObject\",\"inLanguage\":\"fr-FR\",\"@id\":\"https:\/\/juliedeschoenmaekers.be\/CMS2\/produit\/sac-en-tissu-fripon-qui-fixe-motif-chat-qui-fixe\/#primaryimage\",\"url\":\"https:\/\/juliedeschoenmaekers.be\/CMS2\/wp-content\/uploads\/2025\/01\/ToteBag2_Mockup_design-dessin3-scaled.webp\",\"contentUrl\":\"https:\/\/juliedeschoenmaekers.be\/CMS2\/wp-content\/uploads\/2025\/01\/ToteBag2_Mockup_design-dessin3-scaled.webp\",\"width\":2560,\"height\":1920,\"caption\":\"Sac en tissu avec un dessin minimaliste de Fripon qui fixe\"},{\"@type\":\"BreadcrumbList\",\"@id\":\"https:\/\/juliedeschoenmaekers.be\/CMS2\/produit\/sac-en-tissu-fripon-qui-fixe-motif-chat-qui-fixe\/#breadcrumb\",\"itemListElement\":[{\"@type\":\"ListItem\",\"position\":1,\"name\":\"Accueil\",\"item\":\"https:\/\/juliedeschoenmaekers.be\/CMS2\/\"},{\"@type\":\"ListItem\",\"position\":2,\"name\":\"Produits\",\"item\":\"https:\/\/juliedeschoenmaekers.be\/CMS2\/shop\/\"},{\"@type\":\"ListItem\",\"position\":3,\"name\":\"Sac en tissu \u00ab\u00a0Fripon Qui Fixe\u00a0\u00bb \u2013 Motif Chat Qui Fixe\"}]},{\"@type\":\"WebSite\",\"@id\":\"https:\/\/juliedeschoenmaekers.be\/CMS2\/#website\",\"url\":\"https:\/\/juliedeschoenmaekers.be\/CMS2\/\",\"name\":\"Fripon\",\"description\":\"Boutique de produits \u00e0 l&#039;effigie de Fripon\",\"publisher\":{\"@id\":\"https:\/\/juliedeschoenmaekers.be\/CMS2\/#organization\"},\"potentialAction\":[{\"@type\":\"SearchAction\",\"target\":{\"@type\":\"EntryPoint\",\"urlTemplate\":\"https:\/\/juliedeschoenmaekers.be\/CMS2\/?s={search_term_string}\"},\"query-input\":{\"@type\":\"PropertyValueSpecification\",\"valueRequired\":true,\"valueName\":\"search_term_string\"}}],\"inLanguage\":\"fr-FR\"},{\"@type\":\"Organization\",\"@id\":\"https:\/\/juliedeschoenmaekers.be\/CMS2\/#organization\",\"name\":\"Fripon\",\"url\":\"https:\/\/juliedeschoenmaekers.be\/CMS2\/\",\"logo\":{\"@type\":\"ImageObject\",\"inLanguage\":\"fr-FR\",\"@id\":\"https:\/\/juliedeschoenmaekers.be\/CMS2\/#\/schema\/logo\/image\/\",\"url\":\"https:\/\/juliedeschoenmaekers.be\/CMS2\/wp-content\/uploads\/2024\/10\/logo-fripon-b.png\",\"contentUrl\":\"https:\/\/juliedeschoenmaekers.be\/CMS2\/wp-content\/uploads\/2024\/10\/logo-fripon-b.png\",\"width\":2142,\"height\":1024,\"caption\":\"Fripon\"},\"image\":{\"@id\":\"https:\/\/juliedeschoenmaekers.be\/CMS2\/#\/schema\/logo\/image\/\"}}]}<\/script>\n<!-- \/ Yoast SEO plugin. -->","yoast_head_json":{"title":"Sac en tissu \"Fripon Qui Fixe\" \u2013 Motif Chat Qui Fixe - Fripon","description":"Craquez pour ce sac en tissu pratique, avec un design unique de Fripon qui fixe. Parfait pour les amoureux des chats et du style minimaliste !","robots":{"index":"noindex","follow":"follow","max-snippet":"max-snippet:-1","max-image-preview":"max-image-preview:large","max-video-preview":"max-video-preview:-1"},"og_locale":"fr_FR","og_type":"article","og_title":"Sac en tissu \"Fripon Qui Fixe\" \u2013 Motif Chat Qui Fixe - Fripon","og_description":"Craquez pour ce sac en tissu pratique, avec un design unique de Fripon qui fixe. Parfait pour les amoureux des chats et du style minimaliste !","og_url":"https:\/\/juliedeschoenmaekers.be\/CMS2\/produit\/sac-en-tissu-fripon-qui-fixe-motif-chat-qui-fixe\/","og_site_name":"Fripon","article_modified_time":"2025-01-28T20:12:27+00:00","og_image":[{"width":2560,"height":1920,"url":"https:\/\/juliedeschoenmaekers.be\/CMS2\/wp-content\/uploads\/2025\/01\/ToteBag2_Mockup_design-dessin3-scaled.webp","type":"image\/webp"}],"twitter_card":"summary_large_image","twitter_misc":{"Dur\u00e9e de lecture estim\u00e9e":"1 minute"},"schema":{"@context":"https:\/\/schema.org","@graph":[{"@type":"WebPage","@id":"https:\/\/juliedeschoenmaekers.be\/CMS2\/produit\/sac-en-tissu-fripon-qui-fixe-motif-chat-qui-fixe\/","url":"https:\/\/juliedeschoenmaekers.be\/CMS2\/produit\/sac-en-tissu-fripon-qui-fixe-motif-chat-qui-fixe\/","name":"Sac en tissu \"Fripon Qui Fixe\" \u2013 Motif Chat Qui Fixe - Fripon","isPartOf":{"@id":"https:\/\/juliedeschoenmaekers.be\/CMS2\/#website"},"primaryImageOfPage":{"@id":"https:\/\/juliedeschoenmaekers.be\/CMS2\/produit\/sac-en-tissu-fripon-qui-fixe-motif-chat-qui-fixe\/#primaryimage"},"image":{"@id":"https:\/\/juliedeschoenmaekers.be\/CMS2\/produit\/sac-en-tissu-fripon-qui-fixe-motif-chat-qui-fixe\/#primaryimage"},"thumbnailUrl":"https:\/\/juliedeschoenmaekers.be\/CMS2\/wp-content\/uploads\/2025\/01\/ToteBag2_Mockup_design-dessin3-scaled.webp","datePublished":"2024-10-16T09:35:42+00:00","dateModified":"2025-01-28T20:12:27+00:00","description":"Craquez pour ce sac en tissu pratique, avec un design unique de Fripon qui fixe. Parfait pour les amoureux des chats et du style minimaliste !","breadcrumb":{"@id":"https:\/\/juliedeschoenmaekers.be\/CMS2\/produit\/sac-en-tissu-fripon-qui-fixe-motif-chat-qui-fixe\/#breadcrumb"},"inLanguage":"fr-FR","potentialAction":[{"@type":"ReadAction","target":["https:\/\/juliedeschoenmaekers.be\/CMS2\/produit\/sac-en-tissu-fripon-qui-fixe-motif-chat-qui-fixe\/"]}]},{"@type":"ImageObject","inLanguage":"fr-FR","@id":"https:\/\/juliedeschoenmaekers.be\/CMS2\/produit\/sac-en-tissu-fripon-qui-fixe-motif-chat-qui-fixe\/#primaryimage","url":"https:\/\/juliedeschoenmaekers.be\/CMS2\/wp-content\/uploads\/2025\/01\/ToteBag2_Mockup_design-dessin3-scaled.webp","contentUrl":"https:\/\/juliedeschoenmaekers.be\/CMS2\/wp-content\/uploads\/2025\/01\/ToteBag2_Mockup_design-dessin3-scaled.webp","width":2560,"height":1920,"caption":"Sac en tissu avec un dessin minimaliste de Fripon qui fixe"},{"@type":"BreadcrumbList","@id":"https:\/\/juliedeschoenmaekers.be\/CMS2\/produit\/sac-en-tissu-fripon-qui-fixe-motif-chat-qui-fixe\/#breadcrumb","itemListElement":[{"@type":"ListItem","position":1,"name":"Accueil","item":"https:\/\/juliedeschoenmaekers.be\/CMS2\/"},{"@type":"ListItem","position":2,"name":"Produits","item":"https:\/\/juliedeschoenmaekers.be\/CMS2\/shop\/"},{"@type":"ListItem","position":3,"name":"Sac en tissu \u00ab\u00a0Fripon Qui Fixe\u00a0\u00bb \u2013 Motif Chat Qui Fixe"}]},{"@type":"WebSite","@id":"https:\/\/juliedeschoenmaekers.be\/CMS2\/#website","url":"https:\/\/juliedeschoenmaekers.be\/CMS2\/","name":"Fripon","description":"Boutique de produits \u00e0 l&#039;effigie de Fripon","publisher":{"@id":"https:\/\/juliedeschoenmaekers.be\/CMS2\/#organization"},"potentialAction":[{"@type":"SearchAction","target":{"@type":"EntryPoint","urlTemplate":"https:\/\/juliedeschoenmaekers.be\/CMS2\/?s={search_term_string}"},"query-input":{"@type":"PropertyValueSpecification","valueRequired":true,"valueName":"search_term_string"}}],"inLanguage":"fr-FR"},{"@type":"Organization","@id":"https:\/\/juliedeschoenmaekers.be\/CMS2\/#organization","name":"Fripon","url":"https:\/\/juliedeschoenmaekers.be\/CMS2\/","logo":{"@type":"ImageObject","inLanguage":"fr-FR","@id":"https:\/\/juliedeschoenmaekers.be\/CMS2\/#\/schema\/logo\/image\/","url":"https:\/\/juliedeschoenmaekers.be\/CMS2\/wp-content\/uploads\/2024\/10\/logo-fripon-b.png","contentUrl":"https:\/\/juliedeschoenmaekers.be\/CMS2\/wp-content\/uploads\/2024\/10\/logo-fripon-b.png","width":2142,"height":1024,"caption":"Fripon"},"image":{"@id":"https:\/\/juliedeschoenmaekers.be\/CMS2\/#\/schema\/logo\/image\/"}}]}},"jetpack_sharing_enabled":true,"_links":{"self":[{"href":"https:\/\/juliedeschoenmaekers.be\/CMS2\/wp-json\/wp\/v2\/product\/119","targetHints":{"allow":["GET"]}}],"collection":[{"href":"https:\/\/juliedeschoenmaekers.be\/CMS2\/wp-json\/wp\/v2\/product"}],"about":[{"href":"https:\/\/juliedeschoenmaekers.be\/CMS2\/wp-json\/wp\/v2\/types\/product"}],"replies":[{"embeddable":true,"href":"https:\/\/juliedeschoenmaekers.be\/CMS2\/wp-json\/wp\/v2\/comments?post=119"}],"wp:featuredmedia":[{"embeddable":true,"href":"https:\/\/juliedeschoenmaekers.be\/CMS2\/wp-json\/wp\/v2\/media\/2549"}],"wp:attachment":[{"href":"https:\/\/juliedeschoenmaekers.be\/CMS2\/wp-json\/wp\/v2\/media?parent=119"}],"wp:term":[{"taxonomy":"product_cat","embeddable":true,"href":"https:\/\/juliedeschoenmaekers.be\/CMS2\/wp-json\/wp\/v2\/product_cat?post=119"},{"taxonomy":"product_tag","embeddable":true,"href":"https:\/\/juliedeschoenmaekers.be\/CMS2\/wp-json\/wp\/v2\/product_tag?post=119"}],"curies":[{"name":"wp","href":"https:\/\/api.w.org\/{rel}","templated":true}]}}